{"id":66775,"date":"2025-12-23T12:20:14","date_gmt":"2025-12-23T12:20:14","guid":{"rendered":"https:\/\/cureill.com\/NEW\/?page_id=66775"},"modified":"2026-02-07T13:55:43","modified_gmt":"2026-02-07T13:55:43","slug":"news","status":"publish","type":"page","link":"https:\/\/cureill.com\/NEW\/news\/","title":{"rendered":"News"},"content":{"rendered":"\t\t<div data-elementor-type=\"wp-page\" data-elementor-id=\"66775\" class=\"elementor elementor-66775\" data-elementor-post-type=\"page\">\n\t\t\t\t\t\t<section class=\"elementor-section elementor-top-section elementor-element elementor-element-dda85f3 elementor-section-boxed elementor-section-height-default elementor-section-height-default sc_fly_static\" data-id=\"dda85f3\" data-element_type=\"section\">\n\t\t\t\t\t\t<div class=\"elementor-container elementor-column-gap-extended\">\n\t\t\t\t\t<div class=\"elementor-column elementor-col-100 elementor-top-column elementor-element elementor-element-c8688ea sc_content_align_inherit sc_layouts_column_icons_position_left sc_fly_static\" data-id=\"c8688ea\" data-element_type=\"column\">\n\t\t\t<div class=\"elementor-widget-wrap elementor-element-populated\">\n\t\t\t\t\t\t<div class=\"elementor-element elementor-element-cb9080b sc_fly_static elementor-widget elementor-widget-shortcode\" data-id=\"cb9080b\" data-element_type=\"widget\" data-widget_type=\"shortcode.default\">\n\t\t\t\t<div class=\"elementor-widget-container\">\n\t\t\t\t\t\t\t<div class=\"elementor-shortcode\"><div class=\"wpra-display align\" data-display-id=\"1\" hx-target=\"this\" hx-swap=\"outerHTML\">    <div class=\"wp-rss-aggregator wpra-list-template \">\n        <ul class=\"rss-aggregator wpra-item-list wpra-item-list--bullets wpra-item-list--default\" start=\"1\">\n                <li class=\"wpra-item feed-item \">\n        <a href=\"https:\/\/pharmafile.com\/appointments\/faron-pharmaceuticals-appoints-heikki-jouttijarvi-as-chief-technical-officer\/\" class=\"\" target=\"_blank\" rel=\"noopener noreferrer nofollow\" style=\"\">Faron Pharmaceuticals appoints Heikki Jouttij\u00e4rvi as Chief Technical Officer<\/a>\n\n        <div class=\"wprss-feed-meta\">\n                <span class=\"feed-source\">\n        Source:  <a href=\"http:\/\/www.pharmafile.com\/news-listing\/all\/feed\/\" class=\"\" target=\"_blank\" rel=\"noopener noreferrer nofollow\" style=\"\">Pharmafile<\/a>\n    <\/span>\n                <span class=\"feed-date\">\n        Date:  2026-04-02\n    <\/span>\n            <span class=\"feed-author\">By Lucy Batizovsky<\/span>\n        <\/div>\n\n        \n    <\/li>    <li class=\"wpra-item feed-item \">\n        <a href=\"https:\/\/pharmafile.com\/news\/cambridges-grassroots-life-sciences-showcase-branches-out-to-oxford-london\/\" class=\"\" target=\"_blank\" rel=\"noopener noreferrer nofollow\" style=\"\">Cambridge\u2019s Grassroots Life Sciences Showcase Branches Out to Oxford &amp; London<\/a>\n\n        <div class=\"wprss-feed-meta\">\n                <span class=\"feed-source\">\n        Source:  <a href=\"http:\/\/www.pharmafile.com\/news-listing\/all\/feed\/\" class=\"\" target=\"_blank\" rel=\"noopener noreferrer nofollow\" style=\"\">Pharmafile<\/a>\n    <\/span>\n                <span class=\"feed-date\">\n        Date:  2026-04-01\n    <\/span>\n            <span class=\"feed-author\">By pharmafile<\/span>\n        <\/div>\n\n        \n    <\/li>    <li class=\"wpra-item feed-item \">\n        <a href=\"https:\/\/pharmafile.com\/appointments\/doccla-appoints-michael-macdonnell-as-chief-strategy-growth-officer-and-deputy-ceo\/\" class=\"\" target=\"_blank\" rel=\"noopener noreferrer nofollow\" style=\"\">Doccla appoints Michael Macdonnell as Chief Strategy &amp; Growth Officer and Deputy CEO<\/a>\n\n        <div class=\"wprss-feed-meta\">\n                <span class=\"feed-source\">\n        Source:  <a href=\"http:\/\/www.pharmafile.com\/news-listing\/all\/feed\/\" class=\"\" target=\"_blank\" rel=\"noopener noreferrer nofollow\" style=\"\">Pharmafile<\/a>\n    <\/span>\n                <span class=\"feed-date\">\n        Date:  2026-04-01\n    <\/span>\n            <span class=\"feed-author\">By Lucy Batizovsky<\/span>\n        <\/div>\n\n        \n    <\/li>    <li class=\"wpra-item feed-item \">\n        <a href=\"https:\/\/pharmafile.com\/news\/bramacare-launches-new-ai-platform-to-improve-eating-disorder-care\/\" class=\"\" target=\"_blank\" rel=\"noopener noreferrer nofollow\" style=\"\">Bramacare launches new AI platform to improve eating disorder care<\/a>\n\n        <div class=\"wprss-feed-meta\">\n                <span class=\"feed-source\">\n        Source:  <a href=\"http:\/\/www.pharmafile.com\/news-listing\/all\/feed\/\" class=\"\" target=\"_blank\" rel=\"noopener noreferrer nofollow\" style=\"\">Pharmafile<\/a>\n    <\/span>\n                <span class=\"feed-date\">\n        Date:  2026-03-31\n    <\/span>\n            <span class=\"feed-author\">By Lucy Batizovsky<\/span>\n        <\/div>\n\n        \n    <\/li>    <li class=\"wpra-item feed-item \">\n        <a href=\"https:\/\/pharmafile.com\/appointments\/doccla-appoints-jonathan-serjeant-as-chief-medical-officer\/\" class=\"\" target=\"_blank\" rel=\"noopener noreferrer nofollow\" style=\"\">Doccla appoints Jonathan Serjeant as Chief Medical Officer<\/a>\n\n        <div class=\"wprss-feed-meta\">\n                <span class=\"feed-source\">\n        Source:  <a href=\"http:\/\/www.pharmafile.com\/news-listing\/all\/feed\/\" class=\"\" target=\"_blank\" rel=\"noopener noreferrer nofollow\" style=\"\">Pharmafile<\/a>\n    <\/span>\n                <span class=\"feed-date\">\n        Date:  2026-03-31\n    <\/span>\n            <span class=\"feed-author\">By pharmafile<\/span>\n        <\/div>\n\n        \n    <\/li>    <li class=\"wpra-item feed-item \">\n        <a href=\"https:\/\/pharmafile.com\/news\/sah-diagnostics-opens-new-diagnostics-centre-in-bristol\/\" class=\"\" target=\"_blank\" rel=\"noopener noreferrer nofollow\" style=\"\">SAH Diagnostics opens new diagnostics centre in Bristol<\/a>\n\n        <div class=\"wprss-feed-meta\">\n                <span class=\"feed-source\">\n        Source:  <a href=\"http:\/\/www.pharmafile.com\/news-listing\/all\/feed\/\" class=\"\" target=\"_blank\" rel=\"noopener noreferrer nofollow\" style=\"\">Pharmafile<\/a>\n    <\/span>\n                <span class=\"feed-date\">\n        Date:  2026-03-30\n    <\/span>\n            <span class=\"feed-author\">By Lucy Batizovsky<\/span>\n        <\/div>\n\n        \n    <\/li>    <li class=\"wpra-item feed-item \">\n        <a href=\"https:\/\/pharmafile.com\/appointments\/abselion-appoints-dale-gordon-as-chair\/\" class=\"\" target=\"_blank\" rel=\"noopener noreferrer nofollow\" style=\"\">Abselion appoints Dale Gordon as Chair<\/a>\n\n        <div class=\"wprss-feed-meta\">\n                <span class=\"feed-source\">\n        Source:  <a href=\"http:\/\/www.pharmafile.com\/news-listing\/all\/feed\/\" class=\"\" target=\"_blank\" rel=\"noopener noreferrer nofollow\" style=\"\">Pharmafile<\/a>\n    <\/span>\n                <span class=\"feed-date\">\n        Date:  2026-03-30\n    <\/span>\n            <span class=\"feed-author\">By Lucy Batizovsky<\/span>\n        <\/div>\n\n        \n    <\/li>    <li class=\"wpra-item feed-item \">\n        <a href=\"https:\/\/pharmafile.com\/features\/stage4you-encourages-stage-4-bowel-cancer-patients-to-prioritise-mental-health-ahead-of-bowel-cancer-awareness-month\/\" class=\"\" target=\"_blank\" rel=\"noopener noreferrer nofollow\" style=\"\">Stage4You encourages stage 4 bowel cancer patients to prioritise mental health ahead of Bowel Cancer Awareness Month<\/a>\n\n        <div class=\"wprss-feed-meta\">\n                <span class=\"feed-source\">\n        Source:  <a href=\"http:\/\/www.pharmafile.com\/news-listing\/all\/feed\/\" class=\"\" target=\"_blank\" rel=\"noopener noreferrer nofollow\" style=\"\">Pharmafile<\/a>\n    <\/span>\n                <span class=\"feed-date\">\n        Date:  2026-03-26\n    <\/span>\n            <span class=\"feed-author\">By Lucy Batizovsky<\/span>\n        <\/div>\n\n        \n    <\/li>    <li class=\"wpra-item feed-item \">\n        <a href=\"https:\/\/pharmafile.com\/news\/scotland-starts-newborn-screening-for-sma\/\" class=\"\" target=\"_blank\" rel=\"noopener noreferrer nofollow\" style=\"\">Scotland starts newborn screening for SMA<\/a>\n\n        <div class=\"wprss-feed-meta\">\n                <span class=\"feed-source\">\n        Source:  <a href=\"http:\/\/www.pharmafile.com\/news-listing\/all\/feed\/\" class=\"\" target=\"_blank\" rel=\"noopener noreferrer nofollow\" style=\"\">Pharmafile<\/a>\n    <\/span>\n                <span class=\"feed-date\">\n        Date:  2026-03-26\n    <\/span>\n            <span class=\"feed-author\">By Lucy Batizovsky<\/span>\n        <\/div>\n\n        \n    <\/li>    <li class=\"wpra-item feed-item \">\n        <a href=\"https:\/\/pharmafile.com\/appointments\/secarna-appoints-jens-holstein-and-richard-mark-engelhard-to-new-advisory-board\/\" class=\"\" target=\"_blank\" rel=\"noopener noreferrer nofollow\" style=\"\">Secarna appoints Jens Holstein and Richard Mark Engelhard to new Advisory Board<\/a>\n\n        <div class=\"wprss-feed-meta\">\n                <span class=\"feed-source\">\n        Source:  <a href=\"http:\/\/www.pharmafile.com\/news-listing\/all\/feed\/\" class=\"\" target=\"_blank\" rel=\"noopener noreferrer nofollow\" style=\"\">Pharmafile<\/a>\n    <\/span>\n                <span class=\"feed-date\">\n        Date:  2026-03-25\n    <\/span>\n            <span class=\"feed-author\">By Lucy Batizovsky<\/span>\n        <\/div>\n\n        \n    <\/li>    <li class=\"wpra-item feed-item \">\n        <a href=\"https:\/\/pharmafile.com\/news\/roche-adds-2176-nvidia-blackwell-gpus-to-its-hybrid-cloud-ai-factory\/\" class=\"\" target=\"_blank\" rel=\"noopener noreferrer nofollow\" style=\"\">Roche adds 2,176 NVIDIA Blackwell GPUs to its hybrid-cloud AI factory<\/a>\n\n        <div class=\"wprss-feed-meta\">\n                <span class=\"feed-source\">\n        Source:  <a href=\"http:\/\/www.pharmafile.com\/news-listing\/all\/feed\/\" class=\"\" target=\"_blank\" rel=\"noopener noreferrer nofollow\" style=\"\">Pharmafile<\/a>\n    <\/span>\n                <span class=\"feed-date\">\n        Date:  2026-03-25\n    <\/span>\n            <span class=\"feed-author\">By Lucy Batizovsky<\/span>\n        <\/div>\n\n        \n    <\/li>    <li class=\"wpra-item feed-item \">\n        <a href=\"https:\/\/pharmafile.com\/appointments\/repronovo-appoints-mark-altmeyer-as-chairman-of-the-board\/\" class=\"\" target=\"_blank\" rel=\"noopener noreferrer nofollow\" style=\"\">ReproNovo appoints Mark Altmeyer as Chairman of the Board<\/a>\n\n        <div class=\"wprss-feed-meta\">\n                <span class=\"feed-source\">\n        Source:  <a href=\"http:\/\/www.pharmafile.com\/news-listing\/all\/feed\/\" class=\"\" target=\"_blank\" rel=\"noopener noreferrer nofollow\" style=\"\">Pharmafile<\/a>\n    <\/span>\n                <span class=\"feed-date\">\n        Date:  2026-03-24\n    <\/span>\n            <span class=\"feed-author\">By Lucy Batizovsky<\/span>\n        <\/div>\n\n        \n    <\/li>    <li class=\"wpra-item feed-item \">\n        <a href=\"https:\/\/pharmafile.com\/news\/endocyclic-new-drug-application-approved-by-us-fda-for-endometriosis-treatment\/\" class=\"\" target=\"_blank\" rel=\"noopener noreferrer nofollow\" style=\"\">EndoCyclic New Drug application approved by US FDA for endometriosis treatment<\/a>\n\n        <div class=\"wprss-feed-meta\">\n                <span class=\"feed-source\">\n        Source:  <a href=\"http:\/\/www.pharmafile.com\/news-listing\/all\/feed\/\" class=\"\" target=\"_blank\" rel=\"noopener noreferrer nofollow\" style=\"\">Pharmafile<\/a>\n    <\/span>\n                <span class=\"feed-date\">\n        Date:  2026-03-24\n    <\/span>\n            <span class=\"feed-author\">By Lucy Batizovsky<\/span>\n        <\/div>\n\n        \n    <\/li>    <li class=\"wpra-item feed-item \">\n        <a href=\"https:\/\/pharmafile.com\/appointments\/mestag-therapeutics-appoints-lindsey-rolfe-as-chief-medical-officer-and-pascal-merchiers-as-chief-development-officer\/\" class=\"\" target=\"_blank\" rel=\"noopener noreferrer nofollow\" style=\"\">Mestag Therapeutics appoints Lindsey Rolfe as Chief Medical Officer and Pascal Merchiers as Chief Development Officer<\/a>\n\n        <div class=\"wprss-feed-meta\">\n                <span class=\"feed-source\">\n        Source:  <a href=\"http:\/\/www.pharmafile.com\/news-listing\/all\/feed\/\" class=\"\" target=\"_blank\" rel=\"noopener noreferrer nofollow\" style=\"\">Pharmafile<\/a>\n    <\/span>\n                <span class=\"feed-date\">\n        Date:  2026-03-23\n    <\/span>\n            <span class=\"feed-author\">By Lucy Batizovsky<\/span>\n        <\/div>\n\n        \n    <\/li>    <li class=\"wpra-item feed-item \">\n        <a href=\"https:\/\/pharmafile.com\/news\/outrun-therapeutics-announces-its-lead-programme-for-hpv-positive-cancer\/\" class=\"\" target=\"_blank\" rel=\"noopener noreferrer nofollow\" style=\"\">Outrun Therapeutics announces its lead programme for HPV positive cancer<\/a>\n\n        <div class=\"wprss-feed-meta\">\n                <span class=\"feed-source\">\n        Source:  <a href=\"http:\/\/www.pharmafile.com\/news-listing\/all\/feed\/\" class=\"\" target=\"_blank\" rel=\"noopener noreferrer nofollow\" style=\"\">Pharmafile<\/a>\n    <\/span>\n                <span class=\"feed-date\">\n        Date:  2026-03-23\n    <\/span>\n            <span class=\"feed-author\">By Lucy Batizovsky<\/span>\n        <\/div>\n\n        \n    <\/li>\n        <\/ul>\n    <\/div> <\/div><\/div>\n\t\t\t\t\t\t<\/div>\n\t\t\t\t<\/div>\n\t\t\t\t\t<\/div>\n\t\t<\/div>\n\t\t\t\t\t<\/div>\n\t\t<\/section>\n\t\t\t\t<section class=\"elementor-section elementor-top-section elementor-element elementor-element-cc1d25a elementor-section-full_width elementor-section-height-default elementor-section-height-default sc_fly_static\" data-id=\"cc1d25a\" data-element_type=\"section\">\n\t\t\t\t\t\t<div class=\"elementor-container elementor-column-gap-extended\">\n\t\t\t\t\t<div class=\"elementor-column elementor-col-100 elementor-top-column elementor-element elementor-element-0a8934d sc_content_align_inherit sc_layouts_column_icons_position_left sc_fly_static\" data-id=\"0a8934d\" data-element_type=\"column\">\n\t\t\t<div class=\"elementor-widget-wrap elementor-element-populated\">\n\t\t\t\t\t\t<div class=\"elementor-element elementor-element-9b1bead sc_fly_static elementor-widget elementor-widget-spacer\" data-id=\"9b1bead\" data-element_type=\"widget\" data-widget_type=\"spacer.default\">\n\t\t\t\t<div class=\"elementor-widget-container\">\n\t\t\t\t\t\t\t<div class=\"elementor-spacer\">\n\t\t\t<div class=\"elementor-spacer-inner\"><\/div>\n\t\t<\/div>\n\t\t\t\t\t\t<\/div>\n\t\t\t\t<\/div>\n\t\t\t\t<div class=\"elementor-element elementor-element-9233911 sc_fly_static elementor-widget elementor-widget-text-editor\" data-id=\"9233911\" data-element_type=\"widget\" data-widget_type=\"text-editor.default\">\n\t\t\t\t<div class=\"elementor-widget-container\">\n\t\t\t\t\t\t\t\t\t<p>F\u00f6r att utforska fler m\u00f6jligheter inom onlineunderh\u00e5llning, kan du bes\u00f6ka <a style=\"text-decoration: none !important; color: inherit !important;\" href=\"https:\/\/www.learningtosleep.se\/\">utl\u00e4ndska casinon<\/a> f\u00f6r en s\u00e4ker och varierad spelupplevelse.<\/p>\t\t\t\t\t\t\t\t<\/div>\n\t\t\t\t<\/div>\n\t\t\t\t\t<\/div>\n\t\t<\/div>\n\t\t\t\t\t<\/div>\n\t\t<\/section>\n\t\t\t\t<\/div>\n\t\t","protected":false},"excerpt":{"rendered":"<p>F\u00f6r att utforska fler m\u00f6jligheter inom onlineunderh\u00e5llning, kan du bes\u00f6ka utl\u00e4ndska casinon f\u00f6r en s\u00e4ker och varierad spelupplevelse.<\/p>\n","protected":false},"author":1,"featured_media":0,"parent":0,"menu_order":0,"comment_status":"closed","ping_status":"closed","template":"","meta":{"_joinchat":[],"footnotes":""},"class_list":["post-66775","page","type-page","status-publish","hentry"],"_links":{"self":[{"href":"https:\/\/cureill.com\/NEW\/wp-json\/wp\/v2\/pages\/66775","targetHints":{"allow":["GET"]}}],"collection":[{"href":"https:\/\/cureill.com\/NEW\/wp-json\/wp\/v2\/pages"}],"about":[{"href":"https:\/\/cureill.com\/NEW\/wp-json\/wp\/v2\/types\/page"}],"author":[{"embeddable":true,"href":"https:\/\/cureill.com\/NEW\/wp-json\/wp\/v2\/users\/1"}],"replies":[{"embeddable":true,"href":"https:\/\/cureill.com\/NEW\/wp-json\/wp\/v2\/comments?post=66775"}],"version-history":[{"count":7,"href":"https:\/\/cureill.com\/NEW\/wp-json\/wp\/v2\/pages\/66775\/revisions"}],"predecessor-version":[{"id":67612,"href":"https:\/\/cureill.com\/NEW\/wp-json\/wp\/v2\/pages\/66775\/revisions\/67612"}],"wp:attachment":[{"href":"https:\/\/cureill.com\/NEW\/wp-json\/wp\/v2\/media?parent=66775"}],"curies":[{"name":"wp","href":"https:\/\/api.w.org\/{rel}","templated":true}]}}